

{"id":1103,"date":"2023-03-01T21:42:06","date_gmt":"2023-03-01T18:42:06","guid":{"rendered":"https:\/\/betting-review.net\/aposte-nos-melhores-sites-de-apostas\/"},"modified":"2023-03-01T21:42:06","modified_gmt":"2023-03-01T18:42:06","slug":"aposte-nos-melhores-sites-de-apostas","status":"publish","type":"page","link":"https:\/\/betting-review.net\/pt-br\/","title":{"rendered":"Aposte nos melhores sites de apostas"},"content":{"rendered":"<p>Voc\u00ea precisa de ajuda para encontrar a casa de apostas certa para suas necessidades de apostas esportivas? N\u00e3o olhe mais! Nossos especialistas est\u00e3o aqui para ajudar com nossas revis\u00f5es abrangentes de livrarias on-line. Analisamos cada site em profundidade, fornecendo informa\u00e7\u00f5es detalhadas sobre sua gama de op\u00e7\u00f5es esportivas, cota\u00e7\u00f5es, promo\u00e7\u00f5es, suporte ao cliente e m\u00e9todos de pagamento. Com um sistema de classifica\u00e7\u00e3o imparcial, escolher a plataforma de apostas perfeita sempre foi um desafio &#8211; ent\u00e3o por que n\u00e3o come\u00e7ar a procurar hoje?<\/p>\n<h2>Sistema de Classifica\u00e7\u00e3o de Reservadores: O guia definitivo para a escolha dos melhores livreiros<\/h2>\n<p>Em nosso site de resenhas de casas de apostas, entendemos a import\u00e2ncia de selecionar casas de apostas confi\u00e1veis e confi\u00e1veis para uma experi\u00eancia de apostas impec\u00e1vel. Para garantir que voc\u00ea esteja fazendo uma escolha informada, desenvolvemos um sistema de classifica\u00e7\u00e3o abrangente para avaliar os principais competidores neste dom\u00ednio. Nossa avalia\u00e7\u00e3o considera fatores como a qualidade das probabilidades, variedade de mercados dispon\u00edveis, design da interface do usu\u00e1rio e compatibilidade m\u00f3vel. Al\u00e9m disso, nosso ranking \u00e9 atualizado regularmente com novos dados do mercado para lhe fornecer informa\u00e7\u00f5es precisas durante todo o ano!<\/p>\n<p>Voc\u00ea \u00e9 um apostador experiente ou um novato tentando fazer seu caminho no mundo das apostas? N\u00e3o procure mais porque nosso site de resenhas de editoras tem todas as informa\u00e7\u00f5es e classifica\u00e7\u00f5es necess\u00e1rias. Fornecemos revis\u00f5es genu\u00ednas e objetivas para cada casa de apostas para que voc\u00ea possa ter certeza de sua escolha antes de investir dinheiro em qualquer site. Nosso sistema de classifica\u00e7\u00e3o nos permite separar sites de primeira linha daqueles com servi\u00e7os de menor qualidade, tornando mais f\u00e1cil para clientes como voc\u00ea encontrar grandes op\u00e7\u00f5es sem gastar muito tempo navegando. Ao ler nossas resenhas hoje, garantimos que n\u00e3o haver\u00e1 surpresas quando se trata de fazer apostas &#8211; apenas pura satisfa\u00e7\u00e3o!<\/p>\n","protected":false},"excerpt":{"rendered":"<p>Voc\u00ea precisa de ajuda para encontrar a casa de apostas certa para suas necessidades de apostas esportivas? N\u00e3o olhe mais! Nossos especialistas est\u00e3o aqui para ajudar com nossas revis\u00f5es abrangentes de livrarias on-line. Analisamos<\/p>\n","protected":false},"author":2,"featured_media":989,"parent":0,"menu_order":0,"comment_status":"closed","ping_status":"closed","template":"home-page.php","meta":{"_yoast_wpseo_title":"Sites de apostas esportivas de casas de apostas - O bookmaker online oferece","_yoast_wpseo_metadesc":"A compara\u00e7\u00e3o de bookmaker oferece. O melhor bookmaker online oferece 2023. Revis\u00e3o de sites de apostas esportivas, b\u00f4nus e c\u00f3digos promocionais.","_aioseop_title":"","_aioseop_description":""},"acf":[],"yoast_head":"<!-- This site is optimized with the Yoast SEO plugin v20.1 - https:\/\/yoast.com\/wordpress\/plugins\/seo\/ -->\n<title>Sites de apostas esportivas de casas de apostas - O bookmaker online oferece<\/title>\n<meta name=\"description\" content=\"A compara\u00e7\u00e3o de bookmaker oferece. O melhor bookmaker online oferece 2023. Revis\u00e3o de sites de apostas esportivas, b\u00f4nus e c\u00f3digos promocionais.\" \/>\n<meta name=\"robots\" content=\"index, follow, max-snippet:-1, max-image-preview:large, max-video-preview:-1\" \/>\n<link rel=\"canonical\" href=\"https:\/\/betting-review.net\/pt-br\/\" \/>\n<meta property=\"og:locale\" content=\"pt_BR\" \/>\n<meta property=\"og:type\" content=\"article\" \/>\n<meta property=\"og:title\" content=\"Sites de apostas esportivas de casas de apostas - O bookmaker online oferece\" \/>\n<meta property=\"og:description\" content=\"A compara\u00e7\u00e3o de bookmaker oferece. O melhor bookmaker online oferece 2023. Revis\u00e3o de sites de apostas esportivas, b\u00f4nus e c\u00f3digos promocionais.\" \/>\n<meta property=\"og:url\" content=\"https:\/\/betting-review.net\/pt-br\/\" \/>\n<meta property=\"og:site_name\" content=\"betting-review.net\" \/>\n<meta property=\"og:image\" content=\"https:\/\/betting-review.net\/wp-content\/uploads\/2020\/03\/favicon.jpg\" \/>\n\t<meta property=\"og:image:width\" content=\"200\" \/>\n\t<meta property=\"og:image:height\" content=\"200\" \/>\n\t<meta property=\"og:image:type\" content=\"image\/jpeg\" \/>\n<meta name=\"twitter:card\" content=\"summary_large_image\" \/>\n<meta name=\"twitter:label1\" content=\"Est. reading time\" \/>\n\t<meta name=\"twitter:data1\" content=\"2 minutes\" \/>\n<script type=\"application\/ld+json\" class=\"yoast-schema-graph\">{\"@context\":\"https:\/\/schema.org\",\"@graph\":[{\"@type\":\"WebPage\",\"@id\":\"https:\/\/betting-review.net\/pt-br\/\",\"url\":\"https:\/\/betting-review.net\/pt-br\/\",\"name\":\"Sites de apostas esportivas de casas de apostas - O bookmaker online oferece\",\"isPartOf\":{\"@id\":\"https:\/\/betting-review.net\/pt-br\/#website\"},\"datePublished\":\"2023-03-01T18:42:06+00:00\",\"dateModified\":\"2023-03-01T18:42:06+00:00\",\"description\":\"A compara\u00e7\u00e3o de bookmaker oferece. O melhor bookmaker online oferece 2023. Revis\u00e3o de sites de apostas esportivas, b\u00f4nus e c\u00f3digos promocionais.\",\"breadcrumb\":{\"@id\":\"https:\/\/betting-review.net\/pt-br\/#breadcrumb\"},\"inLanguage\":\"pt-BR\",\"potentialAction\":[{\"@type\":\"ReadAction\",\"target\":[\"https:\/\/betting-review.net\/pt-br\/\"]}]},{\"@type\":\"BreadcrumbList\",\"@id\":\"https:\/\/betting-review.net\/pt-br\/#breadcrumb\",\"itemListElement\":[{\"@type\":\"ListItem\",\"position\":1,\"name\":\"\u0413\u043b\u0430\u0432\u043d\u0430\u044f \u0441\u0442\u0440\u0430\u043d\u0438\u0446\u0430\",\"item\":\"https:\/\/betting-review.net\/pt-br\/aposte-nos-melhores-sites-de-apostas\/\"},{\"@type\":\"ListItem\",\"position\":2,\"name\":\"Aposte nos melhores sites de apostas\"}]},{\"@type\":\"WebSite\",\"@id\":\"https:\/\/betting-review.net\/pt-br\/#website\",\"url\":\"https:\/\/betting-review.net\/pt-br\/\",\"name\":\"betting-review.net\",\"description\":\"\",\"publisher\":{\"@id\":\"https:\/\/betting-review.net\/pt-br\/#organization\"},\"potentialAction\":[{\"@type\":\"SearchAction\",\"target\":{\"@type\":\"EntryPoint\",\"urlTemplate\":\"https:\/\/betting-review.net\/pt-br\/?s={search_term_string}\"},\"query-input\":\"required name=search_term_string\"}],\"inLanguage\":\"pt-BR\"},{\"@type\":\"Organization\",\"@id\":\"https:\/\/betting-review.net\/pt-br\/#organization\",\"name\":\"All bookmakers.com\",\"url\":\"https:\/\/betting-review.net\/pt-br\/\",\"logo\":{\"@type\":\"ImageObject\",\"inLanguage\":\"pt-BR\",\"@id\":\"https:\/\/betting-review.net\/pt-br\/#\/schema\/logo\/image\/\",\"url\":\"https:\/\/betting-review.net\/wp-content\/uploads\/2020\/03\/all-bookmakerslogo.png\",\"contentUrl\":\"https:\/\/betting-review.net\/wp-content\/uploads\/2020\/03\/all-bookmakerslogo.png\",\"width\":367,\"height\":65,\"caption\":\"All bookmakers.com\"},\"image\":{\"@id\":\"https:\/\/betting-review.net\/pt-br\/#\/schema\/logo\/image\/\"}}]}<\/script>\n<!-- \/ Yoast SEO plugin. -->","yoast_head_json":{"title":"Sites de apostas esportivas de casas de apostas - O bookmaker online oferece","description":"A compara\u00e7\u00e3o de bookmaker oferece. O melhor bookmaker online oferece 2023. Revis\u00e3o de sites de apostas esportivas, b\u00f4nus e c\u00f3digos promocionais.","robots":{"index":"index","follow":"follow","max-snippet":"max-snippet:-1","max-image-preview":"max-image-preview:large","max-video-preview":"max-video-preview:-1"},"canonical":"https:\/\/betting-review.net\/pt-br\/","og_locale":"pt_BR","og_type":"article","og_title":"Sites de apostas esportivas de casas de apostas - O bookmaker online oferece","og_description":"A compara\u00e7\u00e3o de bookmaker oferece. O melhor bookmaker online oferece 2023. Revis\u00e3o de sites de apostas esportivas, b\u00f4nus e c\u00f3digos promocionais.","og_url":"https:\/\/betting-review.net\/pt-br\/","og_site_name":"betting-review.net","og_image":[{"width":200,"height":200,"url":"https:\/\/betting-review.net\/wp-content\/uploads\/2020\/03\/favicon.jpg","type":"image\/jpeg"}],"twitter_card":"summary_large_image","twitter_misc":{"Est. reading time":"2 minutes"},"schema":{"@context":"https:\/\/schema.org","@graph":[{"@type":"WebPage","@id":"https:\/\/betting-review.net\/pt-br\/","url":"https:\/\/betting-review.net\/pt-br\/","name":"Sites de apostas esportivas de casas de apostas - O bookmaker online oferece","isPartOf":{"@id":"https:\/\/betting-review.net\/pt-br\/#website"},"datePublished":"2023-03-01T18:42:06+00:00","dateModified":"2023-03-01T18:42:06+00:00","description":"A compara\u00e7\u00e3o de bookmaker oferece. O melhor bookmaker online oferece 2023. Revis\u00e3o de sites de apostas esportivas, b\u00f4nus e c\u00f3digos promocionais.","breadcrumb":{"@id":"https:\/\/betting-review.net\/pt-br\/#breadcrumb"},"inLanguage":"pt-BR","potentialAction":[{"@type":"ReadAction","target":["https:\/\/betting-review.net\/pt-br\/"]}]},{"@type":"BreadcrumbList","@id":"https:\/\/betting-review.net\/pt-br\/#breadcrumb","itemListElement":[{"@type":"ListItem","position":1,"name":"\u0413\u043b\u0430\u0432\u043d\u0430\u044f \u0441\u0442\u0440\u0430\u043d\u0438\u0446\u0430","item":"https:\/\/betting-review.net\/pt-br\/aposte-nos-melhores-sites-de-apostas\/"},{"@type":"ListItem","position":2,"name":"Aposte nos melhores sites de apostas"}]},{"@type":"WebSite","@id":"https:\/\/betting-review.net\/pt-br\/#website","url":"https:\/\/betting-review.net\/pt-br\/","name":"betting-review.net","description":"","publisher":{"@id":"https:\/\/betting-review.net\/pt-br\/#organization"},"potentialAction":[{"@type":"SearchAction","target":{"@type":"EntryPoint","urlTemplate":"https:\/\/betting-review.net\/pt-br\/?s={search_term_string}"},"query-input":"required name=search_term_string"}],"inLanguage":"pt-BR"},{"@type":"Organization","@id":"https:\/\/betting-review.net\/pt-br\/#organization","name":"All bookmakers.com","url":"https:\/\/betting-review.net\/pt-br\/","logo":{"@type":"ImageObject","inLanguage":"pt-BR","@id":"https:\/\/betting-review.net\/pt-br\/#\/schema\/logo\/image\/","url":"https:\/\/betting-review.net\/wp-content\/uploads\/2020\/03\/all-bookmakerslogo.png","contentUrl":"https:\/\/betting-review.net\/wp-content\/uploads\/2020\/03\/all-bookmakerslogo.png","width":367,"height":65,"caption":"All bookmakers.com"},"image":{"@id":"https:\/\/betting-review.net\/pt-br\/#\/schema\/logo\/image\/"}}]}},"_links":{"self":[{"href":"https:\/\/betting-review.net\/pt-br\/wp-json\/wp\/v2\/pages\/1103"}],"collection":[{"href":"https:\/\/betting-review.net\/pt-br\/wp-json\/wp\/v2\/pages"}],"about":[{"href":"https:\/\/betting-review.net\/pt-br\/wp-json\/wp\/v2\/types\/page"}],"author":[{"embeddable":true,"href":"https:\/\/betting-review.net\/pt-br\/wp-json\/wp\/v2\/users\/2"}],"replies":[{"embeddable":true,"href":"https:\/\/betting-review.net\/pt-br\/wp-json\/wp\/v2\/comments?post=1103"}],"version-history":[{"count":0,"href":"https:\/\/betting-review.net\/pt-br\/wp-json\/wp\/v2\/pages\/1103\/revisions"}],"wp:featuredmedia":[{"embeddable":true,"href":"https:\/\/betting-review.net\/pt-br\/wp-json\/wp\/v2\/media\/989"}],"wp:attachment":[{"href":"https:\/\/betting-review.net\/pt-br\/wp-json\/wp\/v2\/media?parent=1103"}],"curies":[{"name":"wp","href":"https:\/\/api.w.org\/{rel}","templated":true}]}}