

{"id":1123,"date":"2020-03-05T19:58:33","date_gmt":"2020-03-05T16:58:33","guid":{"rendered":"https:\/\/betting-review.net\/about-us\/"},"modified":"2023-03-01T23:07:46","modified_gmt":"2023-03-01T20:07:46","slug":"about-us","status":"publish","type":"page","link":"https:\/\/betting-review.net\/pt-br\/about-us\/","title":{"rendered":"Sobre n\u00f3s"},"content":{"rendered":"<p><span data-preserver-spaces=\"true\">Ao procurar os melhores livreiros on-line, \u00e9 crucial avaliar todas as informa\u00e7\u00f5es relevantes. Antes de selecionar um site de apostas confi\u00e1vel, voc\u00ea pode se perguntar se as apostas esportivas s\u00e3o mesmo legais. Embora certos pa\u00edses possam ter leis obscuras sobre apostas esportivas, elas s\u00e3o legais e seguras em qualquer outro lugar.<\/span><\/p>\n<p><span data-preserver-spaces=\"true\">Nosso website fornece as informa\u00e7\u00f5es mais completas para os leitores sobre v\u00e1rios bookies, seus b\u00f4nus e promo\u00e7\u00f5es, e sua confiabilidade. Nossa equipe passa incont\u00e1veis horas pesquisando para garantir que as apostas nestas plataformas atendam aos padr\u00f5es da ind\u00fastria. Queremos que voc\u00ea tenha uma experi\u00eancia segura e agrad\u00e1vel quando chegar a hora de apostar! Quer voc\u00ea seja um apostador experiente ou um rec\u00e9m-chegado \u00e0 ind\u00fastria de apostas apenas buscando casas de aposta seguras e confi\u00e1veis &#8211; esta plataforma de revis\u00e3o de sites de apostas \u00e9 uma escolha perfeita! Nossos usu\u00e1rios compreender\u00e3o rapidamente o que faz com que alguns corretores se distanciem de outros. Com nossos recursos, a escolha de sites de apostas not\u00e1veis n\u00e3o precisa mais ser um desafio.<\/span><\/p>\n<h2>Cr\u00edticas de editoras<\/h2>\n<p><span data-preserver-spaces=\"true\">Em nossas revis\u00f5es de sites de apostas, nos esfor\u00e7amos para cobrir todos os \u00e2ngulos de qualquer website da maneira mais meticulosa poss\u00edvel. A maioria dos outros sites de revis\u00e3o de sites de apostas concentra-se exclusivamente em promo\u00e7\u00f5es e apostas gratuitas. No entanto, em nossa plataforma, levamos as coisas um passo adiante, realizando estudos extensivos que comparam v\u00e1rias casas de apostas de v\u00e1rias perspectivas antes de classific\u00e1-las de acordo. Isto nos permite fornecer apenas a melhor compara\u00e7\u00e3o dispon\u00edvel entre todas as empresas deste mercado.<\/span><\/p>\n<p>&lt;espacialmente, espa\u00e7os de preserva\u00e7\u00e3o de dados=&#8221;true&#8221;&gt;Compreendendo que cada visitante tem suas prefer\u00eancias, avaliamos e comparamos cuidadosamente diferentes caracter\u00edsticas valiosas para garantir que voc\u00ea receba an\u00e1lises imparciais e confi\u00e1veis. Atrav\u00e9s de nosso rigoroso processo de an\u00e1lise, podemos apresentar apenas as melhores casas de apostas para seu benef\u00edcio &#8211; portanto, comece! Comece a explorar hoje mesmo e descubra quem fez parte de nossa lista de corretores de primeira linha aqui mesmo!<\/p>\n<h2>Melhores Ofertas de B\u00f4nus e Promoc\u00f3digos<\/h2>\n<p><span data-preserver-spaces=\"true\">Para ajud\u00e1-lo a tomar as decis\u00f5es mais lucrativas em rela\u00e7\u00e3o \u00e0s apostas on-line, oferecemos uma cobertura abrangente das ofertas e promo\u00e7\u00f5es exclusivas das casas de apostas &#8211; tais como b\u00f4nus de inscri\u00e7\u00e3o em apostas (b\u00f4nus de inscri\u00e7\u00e3o) e outros c\u00f3digos de b\u00f4nus de apostas esportivas. Nosso website \u00e9 sua fonte de informa\u00e7\u00f5es confi\u00e1veis e 100% precisas sobre ofertas de apostas particulares e orienta\u00e7\u00e3o sobre como us\u00e1-las.<\/span><\/p>\n<h2>Apostas em dispositivos m\u00f3veis<\/h2>\n<p>Bem-vindos a 2020, onde v\u00e1rias alternativas estimulantes de apostas m\u00f3veis est\u00e3o dispon\u00edveis al\u00e9m de laptops ou desktops. Os apostadores de hoje em dia geralmente gravitam em dire\u00e7\u00e3o a aplicativos de bookmaker no Android, iPhone, iPad &#8211; \u00e9 s\u00f3 escolher! At\u00e9 mesmo o raro usu\u00e1rio do Windows Phone pode alcan\u00e7ar sua op\u00e7\u00e3o de aplicativo.<\/p>\n<p><span data-preserver-spaces=\"true\">Safe Betting Mobile garante que nossos usu\u00e1rios tenham a melhor experi\u00eancia em apostas m\u00f3veis, fornecendo acesso sem problemas a todas as vers\u00f5es do navegador. N\u00e3o apenas revisamos qualquer aplicativo dispon\u00edvel para seu smartphone ou tablet, mas tamb\u00e9m damos dicas e escrevemos guias para encontrar o mais recente aplicativo no Google Play Market e iOS App Store &#8211; mesmo que n\u00e3o esteja listado! Garantimos um servi\u00e7o seguro e confi\u00e1vel; baixe o que \u00e9 necess\u00e1rio em nossa op\u00e7\u00e3o de link gr\u00e1tis hoje.<\/span><\/p>\n<h2><span data-preserver-spaces=\"true\">Como se registrar nas casas de apostas<\/span><\/h2>\n<p><span data-preserver-spaces=\"true\">N\u00e3o importa qu\u00e3o complexo pare\u00e7a o processo de registro, voc\u00ea pode confiar que n\u00f3s forneceremos orienta\u00e7\u00f5es \u00fateis do in\u00edcio ao fim. Cada guia inclui instru\u00e7\u00f5es claras sobre quais medidas devem ser tomadas se o acesso for bloqueado devido a uma proibi\u00e7\u00e3o em seu pa\u00eds. Oferecemos links alternativos (espelho) para qualquer website; basta um clique! Com nossa ajuda, o registro em uma casa de apostas online se torna sem esfor\u00e7o.<\/span><\/p>\n<p><span data-preserver-spaces=\"true\">Voc\u00ea est\u00e1 curioso sobre como participar de um site e apostar em seu evento esportivo favorito? N\u00e3o procure mais &#8211; aproveite as ofertas de b\u00f4nus de inscri\u00e7\u00e3o, leia nossas cr\u00edticas honestas, e nunca troque de equipamento!<\/span><\/p>\n<h2><span data-preserver-spaces=\"true\">Ainda perguntas \u00e0 esquerda?<\/span><\/h2>\n<p><span data-preserver-spaces=\"true\">Se voc\u00ea tiver alguma d\u00favida ou estiver tendo algum problema, n\u00e3o hesite em entrar em contato com nossa equipe de suporte. N\u00f3s garantiremos que sua consulta seja resolvida da maneira mais eficiente!<\/span><\/p>\n","protected":false},"excerpt":{"rendered":"<p>Ao procurar os melhores livreiros on-line, \u00e9 crucial avaliar todas as informa\u00e7\u00f5es relevantes. Antes de selecionar um site de apostas confi\u00e1vel, voc\u00ea pode se perguntar se as apostas esportivas s\u00e3o mesmo legais. Embora certos<\/p>\n","protected":false},"author":2,"featured_media":0,"parent":0,"menu_order":0,"comment_status":"closed","ping_status":"closed","template":"simplepage.php","meta":{"_yoast_wpseo_title":"Sobre n\u00f3s - Melhores sites de apostas 2023","_yoast_wpseo_metadesc":"Leia mais sobre nosso site de resenhas dos livreiros? Aprenda agora como obter as melhores ofertas de apostas e b\u00f4nus?","_aioseop_title":"","_aioseop_description":""},"acf":[],"yoast_head":"<!-- This site is optimized with the Yoast SEO plugin v20.1 - https:\/\/yoast.com\/wordpress\/plugins\/seo\/ -->\n<title>Sobre n\u00f3s - Melhores sites de apostas 2023<\/title>\n<meta name=\"description\" content=\"Leia mais sobre nosso site de resenhas dos livreiros? Aprenda agora como obter as melhores ofertas de apostas e b\u00f4nus?\" \/>\n<meta name=\"robots\" content=\"index, follow, max-snippet:-1, max-image-preview:large, max-video-preview:-1\" \/>\n<link rel=\"canonical\" href=\"https:\/\/betting-review.net\/pt-br\/about-us\/\" \/>\n<meta property=\"og:locale\" content=\"pt_BR\" \/>\n<meta property=\"og:type\" content=\"article\" \/>\n<meta property=\"og:title\" content=\"Sobre n\u00f3s - Melhores sites de apostas 2023\" \/>\n<meta property=\"og:description\" content=\"Leia mais sobre nosso site de resenhas dos livreiros? Aprenda agora como obter as melhores ofertas de apostas e b\u00f4nus?\" \/>\n<meta property=\"og:url\" content=\"https:\/\/betting-review.net\/pt-br\/about-us\/\" \/>\n<meta property=\"og:site_name\" content=\"betting-review.net\" \/>\n<meta property=\"article:modified_time\" content=\"2023-03-01T20:07:46+00:00\" \/>\n<meta name=\"twitter:card\" content=\"summary_large_image\" \/>\n<meta name=\"twitter:label1\" content=\"Est. reading time\" \/>\n\t<meta name=\"twitter:data1\" content=\"3 minutes\" \/>\n<script type=\"application\/ld+json\" class=\"yoast-schema-graph\">{\"@context\":\"https:\/\/schema.org\",\"@graph\":[{\"@type\":\"WebPage\",\"@id\":\"https:\/\/betting-review.net\/pt-br\/about-us\/\",\"url\":\"https:\/\/betting-review.net\/pt-br\/about-us\/\",\"name\":\"Sobre n\u00f3s - Melhores sites de apostas 2023\",\"isPartOf\":{\"@id\":\"https:\/\/betting-review.net\/pt-br\/#website\"},\"datePublished\":\"2020-03-05T16:58:33+00:00\",\"dateModified\":\"2023-03-01T20:07:46+00:00\",\"description\":\"Leia mais sobre nosso site de resenhas dos livreiros? Aprenda agora como obter as melhores ofertas de apostas e b\u00f4nus?\",\"breadcrumb\":{\"@id\":\"https:\/\/betting-review.net\/pt-br\/about-us\/#breadcrumb\"},\"inLanguage\":\"pt-BR\",\"potentialAction\":[{\"@type\":\"ReadAction\",\"target\":[\"https:\/\/betting-review.net\/pt-br\/about-us\/\"]}]},{\"@type\":\"BreadcrumbList\",\"@id\":\"https:\/\/betting-review.net\/pt-br\/about-us\/#breadcrumb\",\"itemListElement\":[{\"@type\":\"ListItem\",\"position\":1,\"name\":\"\u0413\u043b\u0430\u0432\u043d\u0430\u044f \u0441\u0442\u0440\u0430\u043d\u0438\u0446\u0430\",\"item\":\"https:\/\/betting-review.net\/pt-br\/aposte-nos-melhores-sites-de-apostas\/\"},{\"@type\":\"ListItem\",\"position\":2,\"name\":\"Sobre n\u00f3s\"}]},{\"@type\":\"WebSite\",\"@id\":\"https:\/\/betting-review.net\/pt-br\/#website\",\"url\":\"https:\/\/betting-review.net\/pt-br\/\",\"name\":\"betting-review.net\",\"description\":\"\",\"publisher\":{\"@id\":\"https:\/\/betting-review.net\/pt-br\/#organization\"},\"potentialAction\":[{\"@type\":\"SearchAction\",\"target\":{\"@type\":\"EntryPoint\",\"urlTemplate\":\"https:\/\/betting-review.net\/pt-br\/?s={search_term_string}\"},\"query-input\":\"required name=search_term_string\"}],\"inLanguage\":\"pt-BR\"},{\"@type\":\"Organization\",\"@id\":\"https:\/\/betting-review.net\/pt-br\/#organization\",\"name\":\"All bookmakers.com\",\"url\":\"https:\/\/betting-review.net\/pt-br\/\",\"logo\":{\"@type\":\"ImageObject\",\"inLanguage\":\"pt-BR\",\"@id\":\"https:\/\/betting-review.net\/pt-br\/#\/schema\/logo\/image\/\",\"url\":\"https:\/\/betting-review.net\/wp-content\/uploads\/2020\/03\/all-bookmakerslogo.png\",\"contentUrl\":\"https:\/\/betting-review.net\/wp-content\/uploads\/2020\/03\/all-bookmakerslogo.png\",\"width\":367,\"height\":65,\"caption\":\"All bookmakers.com\"},\"image\":{\"@id\":\"https:\/\/betting-review.net\/pt-br\/#\/schema\/logo\/image\/\"}}]}<\/script>\n<!-- \/ Yoast SEO plugin. -->","yoast_head_json":{"title":"Sobre n\u00f3s - Melhores sites de apostas 2023","description":"Leia mais sobre nosso site de resenhas dos livreiros? Aprenda agora como obter as melhores ofertas de apostas e b\u00f4nus?","robots":{"index":"index","follow":"follow","max-snippet":"max-snippet:-1","max-image-preview":"max-image-preview:large","max-video-preview":"max-video-preview:-1"},"canonical":"https:\/\/betting-review.net\/pt-br\/about-us\/","og_locale":"pt_BR","og_type":"article","og_title":"Sobre n\u00f3s - Melhores sites de apostas 2023","og_description":"Leia mais sobre nosso site de resenhas dos livreiros? Aprenda agora como obter as melhores ofertas de apostas e b\u00f4nus?","og_url":"https:\/\/betting-review.net\/pt-br\/about-us\/","og_site_name":"betting-review.net","article_modified_time":"2023-03-01T20:07:46+00:00","twitter_card":"summary_large_image","twitter_misc":{"Est. reading time":"3 minutes"},"schema":{"@context":"https:\/\/schema.org","@graph":[{"@type":"WebPage","@id":"https:\/\/betting-review.net\/pt-br\/about-us\/","url":"https:\/\/betting-review.net\/pt-br\/about-us\/","name":"Sobre n\u00f3s - Melhores sites de apostas 2023","isPartOf":{"@id":"https:\/\/betting-review.net\/pt-br\/#website"},"datePublished":"2020-03-05T16:58:33+00:00","dateModified":"2023-03-01T20:07:46+00:00","description":"Leia mais sobre nosso site de resenhas dos livreiros? Aprenda agora como obter as melhores ofertas de apostas e b\u00f4nus?","breadcrumb":{"@id":"https:\/\/betting-review.net\/pt-br\/about-us\/#breadcrumb"},"inLanguage":"pt-BR","potentialAction":[{"@type":"ReadAction","target":["https:\/\/betting-review.net\/pt-br\/about-us\/"]}]},{"@type":"BreadcrumbList","@id":"https:\/\/betting-review.net\/pt-br\/about-us\/#breadcrumb","itemListElement":[{"@type":"ListItem","position":1,"name":"\u0413\u043b\u0430\u0432\u043d\u0430\u044f \u0441\u0442\u0440\u0430\u043d\u0438\u0446\u0430","item":"https:\/\/betting-review.net\/pt-br\/aposte-nos-melhores-sites-de-apostas\/"},{"@type":"ListItem","position":2,"name":"Sobre n\u00f3s"}]},{"@type":"WebSite","@id":"https:\/\/betting-review.net\/pt-br\/#website","url":"https:\/\/betting-review.net\/pt-br\/","name":"betting-review.net","description":"","publisher":{"@id":"https:\/\/betting-review.net\/pt-br\/#organization"},"potentialAction":[{"@type":"SearchAction","target":{"@type":"EntryPoint","urlTemplate":"https:\/\/betting-review.net\/pt-br\/?s={search_term_string}"},"query-input":"required name=search_term_string"}],"inLanguage":"pt-BR"},{"@type":"Organization","@id":"https:\/\/betting-review.net\/pt-br\/#organization","name":"All bookmakers.com","url":"https:\/\/betting-review.net\/pt-br\/","logo":{"@type":"ImageObject","inLanguage":"pt-BR","@id":"https:\/\/betting-review.net\/pt-br\/#\/schema\/logo\/image\/","url":"https:\/\/betting-review.net\/wp-content\/uploads\/2020\/03\/all-bookmakerslogo.png","contentUrl":"https:\/\/betting-review.net\/wp-content\/uploads\/2020\/03\/all-bookmakerslogo.png","width":367,"height":65,"caption":"All bookmakers.com"},"image":{"@id":"https:\/\/betting-review.net\/pt-br\/#\/schema\/logo\/image\/"}}]}},"_links":{"self":[{"href":"https:\/\/betting-review.net\/pt-br\/wp-json\/wp\/v2\/pages\/1123"}],"collection":[{"href":"https:\/\/betting-review.net\/pt-br\/wp-json\/wp\/v2\/pages"}],"about":[{"href":"https:\/\/betting-review.net\/pt-br\/wp-json\/wp\/v2\/types\/page"}],"author":[{"embeddable":true,"href":"https:\/\/betting-review.net\/pt-br\/wp-json\/wp\/v2\/users\/2"}],"replies":[{"embeddable":true,"href":"https:\/\/betting-review.net\/pt-br\/wp-json\/wp\/v2\/comments?post=1123"}],"version-history":[{"count":3,"href":"https:\/\/betting-review.net\/pt-br\/wp-json\/wp\/v2\/pages\/1123\/revisions"}],"predecessor-version":[{"id":1139,"href":"https:\/\/betting-review.net\/pt-br\/wp-json\/wp\/v2\/pages\/1123\/revisions\/1139"}],"wp:attachment":[{"href":"https:\/\/betting-review.net\/pt-br\/wp-json\/wp\/v2\/media?parent=1123"}],"curies":[{"name":"wp","href":"https:\/\/api.w.org\/{rel}","templated":true}]}}