

{"id":1125,"date":"2020-03-06T18:48:38","date_gmt":"2020-03-06T15:48:38","guid":{"rendered":"https:\/\/betting-review.net\/affiliate-disclosure\/"},"modified":"2023-03-01T23:06:11","modified_gmt":"2023-03-01T20:06:11","slug":"affiliate-disclosure","status":"publish","type":"page","link":"https:\/\/betting-review.net\/pt-br\/affiliate-disclosure\/","title":{"rendered":"Divulga\u00e7\u00e3o de afiliados"},"content":{"rendered":"<h2><span data-preserver-spaces=\"true\">Sistema de afiliados &#8211; Como Funciona?<\/span><\/h2>\n<p><span data-preserver-spaces=\"true\"> Antes de mergulhar no funcionamento do sistema de afiliados, \u00e9 importante observar que N\u00c3O aceitamos nenhum pagamento de quase ningu\u00e9m. Rejeitamos veementemente an\u00fancios e nunca aceitamos dinheiro de uma conta PayPal de um corretor de apostas ou outra plataforma de pagamento. Nossa \u00fanica fonte de renda \u00e9 atrav\u00e9s do marketing afiliado. Cada vez que voc\u00ea visita um de nossos sites ou usa um link de afiliado oferecido por n\u00f3s para solicitar seus b\u00f4nus, o site de apostas recebe algum cr\u00e9dito com base em nossa revis\u00e3o anterior, o que nos d\u00e1 algo tamb\u00e9m! O pagamento de comiss\u00f5es aos afiliados por parte de nossos parceiros \u00e9 o que mant\u00e9m viva esta opera\u00e7\u00e3o. Vale notar tamb\u00e9m que n\u00e3o h\u00e1 an\u00fancios exibidos em nosso site, e todas as revis\u00f5es publicadas aqui permanecem imparciais e precisas, o que significa que n\u00e3o podemos defender muito bem as plataformas de apostas parciais.<\/span><\/p>\n<h2><span data-preserver-spaces=\"true\">Por que nos tornamos Afiliados<\/span><\/h2>\n<p><span data-preserver-spaces=\"true\">\u00c9 claro porque investimos tanto dinheiro em nosso neg\u00f3cio: para fornecer o conte\u00fado da mais alta qualidade para nossos leitores. Temos apostadores talentosos que avaliam consistentemente os sites de casas de apostas e pessoas que mant\u00eam e atualizam o site &#8211; tudo isso requer fundos se quisermos manter um alto n\u00edvel de excel\u00eancia.<\/span><\/p>\n<p><span data-preserver-spaces=\"true\"> Ap\u00f3s todo o trabalho duro, ainda temos que juntar dinheiro suficiente para um dep\u00f3sito e passar incont\u00e1veis semanas no site de apostas. A pior parte \u00e9 que nosso investimento inicial pode desaparecer dentro de vinte e quatro horas, e ent\u00e3o \u00e9 hora de fazer outro dep\u00f3sito. Como voc\u00ea pode ver, este processo \u00e9 mais complexo do que se pode pensar &#8211; \u00e9 preciso muito tempo e dinheiro para se manter \u00e0 tona sem depender dos recursos das afiliadas. Estamos certamente nos esfor\u00e7ando para reduzir a depend\u00eancia dos an\u00fancios, mas isso n\u00e3o \u00e9 uma meta alcan\u00e7\u00e1vel t\u00e3o cedo.<\/span><\/p>\n<h2><span data-preserver-spaces=\"true\">Venha um Contribuinte!<\/span><\/h2>\n<p><span data-preserver-spaces=\"true\">Ajudar\u00e1 se voc\u00ea se tornar um contribuinte conosco, uma vez que n\u00e3o h\u00e1 custos e \u00e9 seguro. Entendemos a import\u00e2ncia da privacidade, portanto, suas informa\u00e7\u00f5es pessoais s\u00e3o mantidas sob cadeado e chave o tempo todo devido a nossas r\u00edgidas regulamenta\u00e7\u00f5es. Voc\u00ea n\u00e3o ter\u00e1 que perder um tempo ao ler sobre conte\u00fado de alto calibre! Desde que colaboradores como voc\u00ea nos apoiem ao longo do caminho, continuaremos fornecendo revis\u00f5es honestas continuamente.<\/span><\/p>\n","protected":false},"excerpt":{"rendered":"<p>Sistema de afiliados &#8211; Como Funciona? Antes de mergulhar no funcionamento do sistema de afiliados, \u00e9 importante observar que N\u00c3O aceitamos nenhum pagamento de quase ningu\u00e9m. Rejeitamos veementemente an\u00fancios e nunca aceitamos dinheiro de<\/p>\n","protected":false},"author":2,"featured_media":0,"parent":0,"menu_order":0,"comment_status":"closed","ping_status":"closed","template":"simplepage.php","meta":{"_yoast_wpseo_title":"Divulga\u00e7\u00e3o de afiliados - Melhores sites de apostas 2023","_yoast_wpseo_metadesc":"Informa\u00e7\u00f5es sobre afilia\u00e7\u00e3o? O que isso significa e como usar.","_aioseop_title":"","_aioseop_description":""},"acf":[],"yoast_head":"<!-- This site is optimized with the Yoast SEO plugin v20.1 - https:\/\/yoast.com\/wordpress\/plugins\/seo\/ -->\n<title>Divulga\u00e7\u00e3o de afiliados - Melhores sites de apostas 2023<\/title>\n<meta name=\"description\" content=\"Informa\u00e7\u00f5es sobre afilia\u00e7\u00e3o? O que isso significa e como usar.\" \/>\n<meta name=\"robots\" content=\"index, follow, max-snippet:-1, max-image-preview:large, max-video-preview:-1\" \/>\n<link rel=\"canonical\" href=\"https:\/\/betting-review.net\/pt-br\/affiliate-disclosure\/\" \/>\n<meta property=\"og:locale\" content=\"pt_BR\" \/>\n<meta property=\"og:type\" content=\"article\" \/>\n<meta property=\"og:title\" content=\"Divulga\u00e7\u00e3o de afiliados - Melhores sites de apostas 2023\" \/>\n<meta property=\"og:description\" content=\"Informa\u00e7\u00f5es sobre afilia\u00e7\u00e3o? O que isso significa e como usar.\" \/>\n<meta property=\"og:url\" content=\"https:\/\/betting-review.net\/pt-br\/affiliate-disclosure\/\" \/>\n<meta property=\"og:site_name\" content=\"betting-review.net\" \/>\n<meta property=\"article:modified_time\" content=\"2023-03-01T20:06:11+00:00\" \/>\n<meta name=\"twitter:card\" content=\"summary_large_image\" \/>\n<meta name=\"twitter:label1\" content=\"Est. reading time\" \/>\n\t<meta name=\"twitter:data1\" content=\"2 minutes\" \/>\n<script type=\"application\/ld+json\" class=\"yoast-schema-graph\">{\"@context\":\"https:\/\/schema.org\",\"@graph\":[{\"@type\":\"WebPage\",\"@id\":\"https:\/\/betting-review.net\/pt-br\/affiliate-disclosure\/\",\"url\":\"https:\/\/betting-review.net\/pt-br\/affiliate-disclosure\/\",\"name\":\"Divulga\u00e7\u00e3o de afiliados - Melhores sites de apostas 2023\",\"isPartOf\":{\"@id\":\"https:\/\/betting-review.net\/pt-br\/#website\"},\"datePublished\":\"2020-03-06T15:48:38+00:00\",\"dateModified\":\"2023-03-01T20:06:11+00:00\",\"description\":\"Informa\u00e7\u00f5es sobre afilia\u00e7\u00e3o? O que isso significa e como usar.\",\"breadcrumb\":{\"@id\":\"https:\/\/betting-review.net\/pt-br\/affiliate-disclosure\/#breadcrumb\"},\"inLanguage\":\"pt-BR\",\"potentialAction\":[{\"@type\":\"ReadAction\",\"target\":[\"https:\/\/betting-review.net\/pt-br\/affiliate-disclosure\/\"]}]},{\"@type\":\"BreadcrumbList\",\"@id\":\"https:\/\/betting-review.net\/pt-br\/affiliate-disclosure\/#breadcrumb\",\"itemListElement\":[{\"@type\":\"ListItem\",\"position\":1,\"name\":\"\u0413\u043b\u0430\u0432\u043d\u0430\u044f \u0441\u0442\u0440\u0430\u043d\u0438\u0446\u0430\",\"item\":\"https:\/\/betting-review.net\/pt-br\/aposte-nos-melhores-sites-de-apostas\/\"},{\"@type\":\"ListItem\",\"position\":2,\"name\":\"Divulga\u00e7\u00e3o de afiliados\"}]},{\"@type\":\"WebSite\",\"@id\":\"https:\/\/betting-review.net\/pt-br\/#website\",\"url\":\"https:\/\/betting-review.net\/pt-br\/\",\"name\":\"betting-review.net\",\"description\":\"\",\"publisher\":{\"@id\":\"https:\/\/betting-review.net\/pt-br\/#organization\"},\"potentialAction\":[{\"@type\":\"SearchAction\",\"target\":{\"@type\":\"EntryPoint\",\"urlTemplate\":\"https:\/\/betting-review.net\/pt-br\/?s={search_term_string}\"},\"query-input\":\"required name=search_term_string\"}],\"inLanguage\":\"pt-BR\"},{\"@type\":\"Organization\",\"@id\":\"https:\/\/betting-review.net\/pt-br\/#organization\",\"name\":\"All bookmakers.com\",\"url\":\"https:\/\/betting-review.net\/pt-br\/\",\"logo\":{\"@type\":\"ImageObject\",\"inLanguage\":\"pt-BR\",\"@id\":\"https:\/\/betting-review.net\/pt-br\/#\/schema\/logo\/image\/\",\"url\":\"https:\/\/betting-review.net\/wp-content\/uploads\/2020\/03\/all-bookmakerslogo.png\",\"contentUrl\":\"https:\/\/betting-review.net\/wp-content\/uploads\/2020\/03\/all-bookmakerslogo.png\",\"width\":367,\"height\":65,\"caption\":\"All bookmakers.com\"},\"image\":{\"@id\":\"https:\/\/betting-review.net\/pt-br\/#\/schema\/logo\/image\/\"}}]}<\/script>\n<!-- \/ Yoast SEO plugin. -->","yoast_head_json":{"title":"Divulga\u00e7\u00e3o de afiliados - Melhores sites de apostas 2023","description":"Informa\u00e7\u00f5es sobre afilia\u00e7\u00e3o? O que isso significa e como usar.","robots":{"index":"index","follow":"follow","max-snippet":"max-snippet:-1","max-image-preview":"max-image-preview:large","max-video-preview":"max-video-preview:-1"},"canonical":"https:\/\/betting-review.net\/pt-br\/affiliate-disclosure\/","og_locale":"pt_BR","og_type":"article","og_title":"Divulga\u00e7\u00e3o de afiliados - Melhores sites de apostas 2023","og_description":"Informa\u00e7\u00f5es sobre afilia\u00e7\u00e3o? O que isso significa e como usar.","og_url":"https:\/\/betting-review.net\/pt-br\/affiliate-disclosure\/","og_site_name":"betting-review.net","article_modified_time":"2023-03-01T20:06:11+00:00","twitter_card":"summary_large_image","twitter_misc":{"Est. reading time":"2 minutes"},"schema":{"@context":"https:\/\/schema.org","@graph":[{"@type":"WebPage","@id":"https:\/\/betting-review.net\/pt-br\/affiliate-disclosure\/","url":"https:\/\/betting-review.net\/pt-br\/affiliate-disclosure\/","name":"Divulga\u00e7\u00e3o de afiliados - Melhores sites de apostas 2023","isPartOf":{"@id":"https:\/\/betting-review.net\/pt-br\/#website"},"datePublished":"2020-03-06T15:48:38+00:00","dateModified":"2023-03-01T20:06:11+00:00","description":"Informa\u00e7\u00f5es sobre afilia\u00e7\u00e3o? O que isso significa e como usar.","breadcrumb":{"@id":"https:\/\/betting-review.net\/pt-br\/affiliate-disclosure\/#breadcrumb"},"inLanguage":"pt-BR","potentialAction":[{"@type":"ReadAction","target":["https:\/\/betting-review.net\/pt-br\/affiliate-disclosure\/"]}]},{"@type":"BreadcrumbList","@id":"https:\/\/betting-review.net\/pt-br\/affiliate-disclosure\/#breadcrumb","itemListElement":[{"@type":"ListItem","position":1,"name":"\u0413\u043b\u0430\u0432\u043d\u0430\u044f \u0441\u0442\u0440\u0430\u043d\u0438\u0446\u0430","item":"https:\/\/betting-review.net\/pt-br\/aposte-nos-melhores-sites-de-apostas\/"},{"@type":"ListItem","position":2,"name":"Divulga\u00e7\u00e3o de afiliados"}]},{"@type":"WebSite","@id":"https:\/\/betting-review.net\/pt-br\/#website","url":"https:\/\/betting-review.net\/pt-br\/","name":"betting-review.net","description":"","publisher":{"@id":"https:\/\/betting-review.net\/pt-br\/#organization"},"potentialAction":[{"@type":"SearchAction","target":{"@type":"EntryPoint","urlTemplate":"https:\/\/betting-review.net\/pt-br\/?s={search_term_string}"},"query-input":"required name=search_term_string"}],"inLanguage":"pt-BR"},{"@type":"Organization","@id":"https:\/\/betting-review.net\/pt-br\/#organization","name":"All bookmakers.com","url":"https:\/\/betting-review.net\/pt-br\/","logo":{"@type":"ImageObject","inLanguage":"pt-BR","@id":"https:\/\/betting-review.net\/pt-br\/#\/schema\/logo\/image\/","url":"https:\/\/betting-review.net\/wp-content\/uploads\/2020\/03\/all-bookmakerslogo.png","contentUrl":"https:\/\/betting-review.net\/wp-content\/uploads\/2020\/03\/all-bookmakerslogo.png","width":367,"height":65,"caption":"All bookmakers.com"},"image":{"@id":"https:\/\/betting-review.net\/pt-br\/#\/schema\/logo\/image\/"}}]}},"_links":{"self":[{"href":"https:\/\/betting-review.net\/pt-br\/wp-json\/wp\/v2\/pages\/1125"}],"collection":[{"href":"https:\/\/betting-review.net\/pt-br\/wp-json\/wp\/v2\/pages"}],"about":[{"href":"https:\/\/betting-review.net\/pt-br\/wp-json\/wp\/v2\/types\/page"}],"author":[{"embeddable":true,"href":"https:\/\/betting-review.net\/pt-br\/wp-json\/wp\/v2\/users\/2"}],"replies":[{"embeddable":true,"href":"https:\/\/betting-review.net\/pt-br\/wp-json\/wp\/v2\/comments?post=1125"}],"version-history":[{"count":1,"href":"https:\/\/betting-review.net\/pt-br\/wp-json\/wp\/v2\/pages\/1125\/revisions"}],"predecessor-version":[{"id":1137,"href":"https:\/\/betting-review.net\/pt-br\/wp-json\/wp\/v2\/pages\/1125\/revisions\/1137"}],"wp:attachment":[{"href":"https:\/\/betting-review.net\/pt-br\/wp-json\/wp\/v2\/media?parent=1125"}],"curies":[{"name":"wp","href":"https:\/\/api.w.org\/{rel}","templated":true}]}}