

{"id":1126,"date":"2020-03-05T19:58:24","date_gmt":"2020-03-05T16:58:24","guid":{"rendered":"https:\/\/betting-review.net\/contact-us\/"},"modified":"2023-03-01T23:05:06","modified_gmt":"2023-03-01T20:05:06","slug":"contact-us","status":"publish","type":"page","link":"https:\/\/betting-review.net\/pt-br\/contact-us\/","title":{"rendered":"Contato"},"content":{"rendered":"<p>Se voc\u00ea ainda tiver alguma pergunta ou d\u00favida, ficaremos mais do que felizes em ajudar. Voc\u00ea tamb\u00e9m pode entrar em contato conosco via e-mail &#8211; sinta-se \u00e0 vontade para expressar suas opini\u00f5es e pedir mais esclarecimentos a respeito de nossas classifica\u00e7\u00f5es. Sempre agradecemos id\u00e9ias de clientes que possam melhorar a qualidade de nossas avalia\u00e7\u00f5es no futuro! N\u00e3o hesite &#8211; para nos dizer o quanto voc\u00ea estava satisfeito ou insatisfeito com nosso servi\u00e7o e que tipo de experi\u00eancias voc\u00ea teve com todos os diferentes sites de apostas on-line que cobrimos.<\/p>\n<p>Somos gratos por suas am\u00e1veis palavras! Nos esfor\u00e7aremos para responder prontamente a todas as consultas em nossa caixa de entrada. Nossa equipe deseja a voc\u00ea o melhor.<\/p>\n","protected":false},"excerpt":{"rendered":"<p>Se voc\u00ea ainda tiver alguma pergunta ou d\u00favida, ficaremos mais do que felizes em ajudar. Voc\u00ea tamb\u00e9m pode entrar em contato conosco via e-mail &#8211; sinta-se \u00e0 vontade para expressar suas opini\u00f5es e pedir<\/p>\n","protected":false},"author":2,"featured_media":0,"parent":0,"menu_order":0,"comment_status":"closed","ping_status":"closed","template":"simplepage.php","meta":{"_yoast_wpseo_title":"Contato - Melhores sites de apostas 2023","_yoast_wpseo_metadesc":"Teremos o maior prazer em ouvir seu feedback! C a respeito de nossas \u00faltimas resenhas e b\u00f4nus - estamos aqui para voc\u00ea.","_aioseop_title":"","_aioseop_description":""},"acf":[],"yoast_head":"<!-- This site is optimized with the Yoast SEO plugin v20.1 - https:\/\/yoast.com\/wordpress\/plugins\/seo\/ -->\n<title>Contato - Melhores sites de apostas 2023<\/title>\n<meta name=\"description\" content=\"Teremos o maior prazer em ouvir seu feedback! C a respeito de nossas \u00faltimas resenhas e b\u00f4nus - estamos aqui para voc\u00ea.\" \/>\n<meta name=\"robots\" content=\"index, follow, max-snippet:-1, max-image-preview:large, max-video-preview:-1\" \/>\n<link rel=\"canonical\" href=\"https:\/\/betting-review.net\/pt-br\/contact-us\/\" \/>\n<meta property=\"og:locale\" content=\"pt_BR\" \/>\n<meta property=\"og:type\" content=\"article\" \/>\n<meta property=\"og:title\" content=\"Contato - Melhores sites de apostas 2023\" \/>\n<meta property=\"og:description\" content=\"Teremos o maior prazer em ouvir seu feedback! C a respeito de nossas \u00faltimas resenhas e b\u00f4nus - estamos aqui para voc\u00ea.\" \/>\n<meta property=\"og:url\" content=\"https:\/\/betting-review.net\/pt-br\/contact-us\/\" \/>\n<meta property=\"og:site_name\" content=\"betting-review.net\" \/>\n<meta property=\"article:modified_time\" content=\"2023-03-01T20:05:06+00:00\" \/>\n<meta name=\"twitter:card\" content=\"summary_large_image\" \/>\n<meta name=\"twitter:label1\" content=\"Est. reading time\" \/>\n\t<meta name=\"twitter:data1\" content=\"1 minute\" \/>\n<script type=\"application\/ld+json\" class=\"yoast-schema-graph\">{\"@context\":\"https:\/\/schema.org\",\"@graph\":[{\"@type\":\"WebPage\",\"@id\":\"https:\/\/betting-review.net\/pt-br\/contact-us\/\",\"url\":\"https:\/\/betting-review.net\/pt-br\/contact-us\/\",\"name\":\"Contato - Melhores sites de apostas 2023\",\"isPartOf\":{\"@id\":\"https:\/\/betting-review.net\/pt-br\/#website\"},\"datePublished\":\"2020-03-05T16:58:24+00:00\",\"dateModified\":\"2023-03-01T20:05:06+00:00\",\"description\":\"Teremos o maior prazer em ouvir seu feedback! C a respeito de nossas \u00faltimas resenhas e b\u00f4nus - estamos aqui para voc\u00ea.\",\"breadcrumb\":{\"@id\":\"https:\/\/betting-review.net\/pt-br\/contact-us\/#breadcrumb\"},\"inLanguage\":\"pt-BR\",\"potentialAction\":[{\"@type\":\"ReadAction\",\"target\":[\"https:\/\/betting-review.net\/pt-br\/contact-us\/\"]}]},{\"@type\":\"BreadcrumbList\",\"@id\":\"https:\/\/betting-review.net\/pt-br\/contact-us\/#breadcrumb\",\"itemListElement\":[{\"@type\":\"ListItem\",\"position\":1,\"name\":\"\u0413\u043b\u0430\u0432\u043d\u0430\u044f \u0441\u0442\u0440\u0430\u043d\u0438\u0446\u0430\",\"item\":\"https:\/\/betting-review.net\/pt-br\/aposte-nos-melhores-sites-de-apostas\/\"},{\"@type\":\"ListItem\",\"position\":2,\"name\":\"Contato\"}]},{\"@type\":\"WebSite\",\"@id\":\"https:\/\/betting-review.net\/pt-br\/#website\",\"url\":\"https:\/\/betting-review.net\/pt-br\/\",\"name\":\"betting-review.net\",\"description\":\"\",\"publisher\":{\"@id\":\"https:\/\/betting-review.net\/pt-br\/#organization\"},\"potentialAction\":[{\"@type\":\"SearchAction\",\"target\":{\"@type\":\"EntryPoint\",\"urlTemplate\":\"https:\/\/betting-review.net\/pt-br\/?s={search_term_string}\"},\"query-input\":\"required name=search_term_string\"}],\"inLanguage\":\"pt-BR\"},{\"@type\":\"Organization\",\"@id\":\"https:\/\/betting-review.net\/pt-br\/#organization\",\"name\":\"All bookmakers.com\",\"url\":\"https:\/\/betting-review.net\/pt-br\/\",\"logo\":{\"@type\":\"ImageObject\",\"inLanguage\":\"pt-BR\",\"@id\":\"https:\/\/betting-review.net\/pt-br\/#\/schema\/logo\/image\/\",\"url\":\"https:\/\/betting-review.net\/wp-content\/uploads\/2020\/03\/all-bookmakerslogo.png\",\"contentUrl\":\"https:\/\/betting-review.net\/wp-content\/uploads\/2020\/03\/all-bookmakerslogo.png\",\"width\":367,\"height\":65,\"caption\":\"All bookmakers.com\"},\"image\":{\"@id\":\"https:\/\/betting-review.net\/pt-br\/#\/schema\/logo\/image\/\"}}]}<\/script>\n<!-- \/ Yoast SEO plugin. -->","yoast_head_json":{"title":"Contato - Melhores sites de apostas 2023","description":"Teremos o maior prazer em ouvir seu feedback! C a respeito de nossas \u00faltimas resenhas e b\u00f4nus - estamos aqui para voc\u00ea.","robots":{"index":"index","follow":"follow","max-snippet":"max-snippet:-1","max-image-preview":"max-image-preview:large","max-video-preview":"max-video-preview:-1"},"canonical":"https:\/\/betting-review.net\/pt-br\/contact-us\/","og_locale":"pt_BR","og_type":"article","og_title":"Contato - Melhores sites de apostas 2023","og_description":"Teremos o maior prazer em ouvir seu feedback! C a respeito de nossas \u00faltimas resenhas e b\u00f4nus - estamos aqui para voc\u00ea.","og_url":"https:\/\/betting-review.net\/pt-br\/contact-us\/","og_site_name":"betting-review.net","article_modified_time":"2023-03-01T20:05:06+00:00","twitter_card":"summary_large_image","twitter_misc":{"Est. reading time":"1 minute"},"schema":{"@context":"https:\/\/schema.org","@graph":[{"@type":"WebPage","@id":"https:\/\/betting-review.net\/pt-br\/contact-us\/","url":"https:\/\/betting-review.net\/pt-br\/contact-us\/","name":"Contato - Melhores sites de apostas 2023","isPartOf":{"@id":"https:\/\/betting-review.net\/pt-br\/#website"},"datePublished":"2020-03-05T16:58:24+00:00","dateModified":"2023-03-01T20:05:06+00:00","description":"Teremos o maior prazer em ouvir seu feedback! C a respeito de nossas \u00faltimas resenhas e b\u00f4nus - estamos aqui para voc\u00ea.","breadcrumb":{"@id":"https:\/\/betting-review.net\/pt-br\/contact-us\/#breadcrumb"},"inLanguage":"pt-BR","potentialAction":[{"@type":"ReadAction","target":["https:\/\/betting-review.net\/pt-br\/contact-us\/"]}]},{"@type":"BreadcrumbList","@id":"https:\/\/betting-review.net\/pt-br\/contact-us\/#breadcrumb","itemListElement":[{"@type":"ListItem","position":1,"name":"\u0413\u043b\u0430\u0432\u043d\u0430\u044f \u0441\u0442\u0440\u0430\u043d\u0438\u0446\u0430","item":"https:\/\/betting-review.net\/pt-br\/aposte-nos-melhores-sites-de-apostas\/"},{"@type":"ListItem","position":2,"name":"Contato"}]},{"@type":"WebSite","@id":"https:\/\/betting-review.net\/pt-br\/#website","url":"https:\/\/betting-review.net\/pt-br\/","name":"betting-review.net","description":"","publisher":{"@id":"https:\/\/betting-review.net\/pt-br\/#organization"},"potentialAction":[{"@type":"SearchAction","target":{"@type":"EntryPoint","urlTemplate":"https:\/\/betting-review.net\/pt-br\/?s={search_term_string}"},"query-input":"required name=search_term_string"}],"inLanguage":"pt-BR"},{"@type":"Organization","@id":"https:\/\/betting-review.net\/pt-br\/#organization","name":"All bookmakers.com","url":"https:\/\/betting-review.net\/pt-br\/","logo":{"@type":"ImageObject","inLanguage":"pt-BR","@id":"https:\/\/betting-review.net\/pt-br\/#\/schema\/logo\/image\/","url":"https:\/\/betting-review.net\/wp-content\/uploads\/2020\/03\/all-bookmakerslogo.png","contentUrl":"https:\/\/betting-review.net\/wp-content\/uploads\/2020\/03\/all-bookmakerslogo.png","width":367,"height":65,"caption":"All bookmakers.com"},"image":{"@id":"https:\/\/betting-review.net\/pt-br\/#\/schema\/logo\/image\/"}}]}},"_links":{"self":[{"href":"https:\/\/betting-review.net\/pt-br\/wp-json\/wp\/v2\/pages\/1126"}],"collection":[{"href":"https:\/\/betting-review.net\/pt-br\/wp-json\/wp\/v2\/pages"}],"about":[{"href":"https:\/\/betting-review.net\/pt-br\/wp-json\/wp\/v2\/types\/page"}],"author":[{"embeddable":true,"href":"https:\/\/betting-review.net\/pt-br\/wp-json\/wp\/v2\/users\/2"}],"replies":[{"embeddable":true,"href":"https:\/\/betting-review.net\/pt-br\/wp-json\/wp\/v2\/comments?post=1126"}],"version-history":[{"count":2,"href":"https:\/\/betting-review.net\/pt-br\/wp-json\/wp\/v2\/pages\/1126\/revisions"}],"predecessor-version":[{"id":1136,"href":"https:\/\/betting-review.net\/pt-br\/wp-json\/wp\/v2\/pages\/1126\/revisions\/1136"}],"wp:attachment":[{"href":"https:\/\/betting-review.net\/pt-br\/wp-json\/wp\/v2\/media?parent=1126"}],"curies":[{"name":"wp","href":"https:\/\/api.w.org\/{rel}","templated":true}]}}