

{"id":1127,"date":"2020-03-06T18:47:49","date_gmt":"2020-03-06T15:47:49","guid":{"rendered":"https:\/\/betting-review.net\/privacy-policies\/"},"modified":"2023-03-01T23:03:51","modified_gmt":"2023-03-01T20:03:51","slug":"privacy-policies","status":"publish","type":"page","link":"https:\/\/betting-review.net\/pt-br\/privacy-policies\/","title":{"rendered":"Pol\u00edtica de Privacidade"},"content":{"rendered":"<p><span data-preserver-spaces=\"true\">Na betting-review.net, a Pol\u00edtica de Privacidade descrita abaixo explica como coletamos e armazenamos dados pessoais de nossos visitantes e usu\u00e1rios. Temos autoridade total para fazer mudan\u00e7as nesta pol\u00edtica sempre que necess\u00e1rio; tais modifica\u00e7\u00f5es entram em vigor imediatamente ap\u00f3s a notifica\u00e7\u00e3o destas atualiza\u00e7\u00f5es enviadas a nossos usu\u00e1rios (que \u00e9 o procedimento padr\u00e3o). N\u00e3o importa onde algu\u00e9m esteja localizado; uma vez que nos visitam, esta Pol\u00edtica de Privacidade (e quaisquer outras altera\u00e7\u00f5es) se aplica a TODOS os convidados sem exce\u00e7\u00e3o.<\/span><\/p>\n<h2>Que informa\u00e7\u00f5es coletamos<\/h2>\n<p><span data-preserver-spaces=\"true\">Coletamos apenas informa\u00e7\u00f5es pessoais, tais como nomes e endere\u00e7os de e-mail, com o consentimento de ambas as partes. Tamb\u00e9m coletamos dados an\u00f4nimos para criar uma melhor experi\u00eancia para os usu\u00e1rios que visitam nosso site. Levamos a privacidade a s\u00e9rio e aderimos estritamente a nossa Pol\u00edtica de Privacidade ao coletar informa\u00e7\u00f5es dos visitantes.<\/span><\/p>\n<h2><span data-preserver-spaces=\"true\">Como usamos as informa\u00e7\u00f5es<\/span><\/h2>\n<p><span data-preserver-spaces=\"true\">Segundo nossa Pol\u00edtica de Privacidade, os dados que armazenamos s\u00f3 ser\u00e3o utilizados nos seguintes cen\u00e1rios:<\/span><\/p>\n<ul>\n<li><span data-preserver-spaces=\"true\">Para lhe proporcionar uma experi\u00eancia mais suave enquanto navega por qualquer navegador;<\/span><\/li>\n<li><span data-preserver-spaces=\"true\">Para responder a todas as suas perguntas sobre como suas informa\u00e7\u00f5es pessoais s\u00e3o administradas;<\/span><\/li>\n<li><span data-preserver-spaces=\"true\">Para uma poss\u00edvel media\u00e7\u00e3o caso surja um problema entre outra parte e n\u00f3s;<\/span><\/li>\n<li><span data-preserver-spaces=\"true\">Para que possamos refinar ainda mais nossas configura\u00e7\u00f5es de seguran\u00e7a.<\/span><\/li>\n<\/ul>\n<h2><span data-preserver-spaces=\"true\">Partilhar informa\u00e7\u00f5es pessoais<\/span><\/h2>\n<p><span data-preserver-spaces=\"true\">Descarregue que nossos dados confidenciais s\u00e3o sempre mantidos em seguran\u00e7a e nunca s\u00e3o compartilhados, negociados ou alugados sem sua aprova\u00e7\u00e3o. No entanto, h\u00e1 algumas ocasi\u00f5es excepcionais em que podemos ser obrigados a revel\u00e1-los, incluindo:<\/span><\/p>\n<ul>\n<li><span data-preserver-spaces=\"true\">A menos que voc\u00ea esteja envolvido em atividades fraudulentas ou a\u00e7\u00f5es ilegais;<\/span><\/li>\n<li><span data-preserver-spaces=\"true\">No caso de sua conduta inadequada, como viola\u00e7\u00f5es dos direitos de propriedade intelectual.<\/span><\/li>\n<li><span data-preserver-spaces=\"true\">Para salvaguardar nosso website e seus usu\u00e1rios;<\/span><\/li>\n<li><span data-preserver-spaces=\"true\">Dev\u00edamos ser legalmente obrigados a faz\u00ea-lo atrav\u00e9s de leis ou regulamentos.<\/span><\/li>\n<\/ul>\n<p><span data-preserver-spaces=\"true\"> Levamos sua privacidade a s\u00e9rio e implementamos v\u00e1rias medidas para proteger seus dados pessoais identific\u00e1veis. A menos que haja uma raz\u00e3o v\u00e1lida, s\u00f3 os divulgaremos a agentes terceiros com a devida autoriza\u00e7\u00e3o.<\/span><\/p>\n<h2><span data-preserver-spaces=\"true\">Enlaces externos<\/span><\/h2>\n<p><span data-preserver-spaces=\"true\">Ao utilizar nossa plataforma, voc\u00ea pode acessar muitos sites externos pelos quais n\u00e3o podemos ser responsabilizados. Exortamos os usu\u00e1rios a ter cautela ao fornecer informa\u00e7\u00f5es pessoais sobre esses sites de terceiros, pois n\u00e3o \u00e9 nosso dever vetar as medidas de seguran\u00e7a e prote\u00e7\u00e3o que eles t\u00eam em vigor.<\/span><\/p>\n","protected":false},"excerpt":{"rendered":"<p>Na betting-review.net, a Pol\u00edtica de Privacidade descrita abaixo explica como coletamos e armazenamos dados pessoais de nossos visitantes e usu\u00e1rios. Temos autoridade total para fazer mudan\u00e7as nesta pol\u00edtica sempre que necess\u00e1rio; tais modifica\u00e7\u00f5es entram<\/p>\n","protected":false},"author":2,"featured_media":0,"parent":0,"menu_order":0,"comment_status":"closed","ping_status":"closed","template":"simplepage.php","meta":{"_yoast_wpseo_title":"Pol\u00edticas de privacidade - Melhores sites de apostas 2023","_yoast_wpseo_metadesc":"Descubra as pol\u00edticas de privacidade de nosso site e mantenha-se informado.","_aioseop_title":"","_aioseop_description":""},"acf":[],"yoast_head":"<!-- This site is optimized with the Yoast SEO plugin v20.1 - https:\/\/yoast.com\/wordpress\/plugins\/seo\/ -->\n<title>Pol\u00edticas de privacidade - Melhores sites de apostas 2023<\/title>\n<meta name=\"description\" content=\"Descubra as pol\u00edticas de privacidade de nosso site e mantenha-se informado.\" \/>\n<meta name=\"robots\" content=\"index, follow, max-snippet:-1, max-image-preview:large, max-video-preview:-1\" \/>\n<link rel=\"canonical\" href=\"https:\/\/betting-review.net\/pt-br\/privacy-policies\/\" \/>\n<meta property=\"og:locale\" content=\"pt_BR\" \/>\n<meta property=\"og:type\" content=\"article\" \/>\n<meta property=\"og:title\" content=\"Pol\u00edticas de privacidade - Melhores sites de apostas 2023\" \/>\n<meta property=\"og:description\" content=\"Descubra as pol\u00edticas de privacidade de nosso site e mantenha-se informado.\" \/>\n<meta property=\"og:url\" content=\"https:\/\/betting-review.net\/pt-br\/privacy-policies\/\" \/>\n<meta property=\"og:site_name\" content=\"betting-review.net\" \/>\n<meta property=\"article:modified_time\" content=\"2023-03-01T20:03:51+00:00\" \/>\n<meta name=\"twitter:card\" content=\"summary_large_image\" \/>\n<meta name=\"twitter:label1\" content=\"Est. reading time\" \/>\n\t<meta name=\"twitter:data1\" content=\"2 minutes\" \/>\n<script type=\"application\/ld+json\" class=\"yoast-schema-graph\">{\"@context\":\"https:\/\/schema.org\",\"@graph\":[{\"@type\":\"WebPage\",\"@id\":\"https:\/\/betting-review.net\/pt-br\/privacy-policies\/\",\"url\":\"https:\/\/betting-review.net\/pt-br\/privacy-policies\/\",\"name\":\"Pol\u00edticas de privacidade - Melhores sites de apostas 2023\",\"isPartOf\":{\"@id\":\"https:\/\/betting-review.net\/pt-br\/#website\"},\"datePublished\":\"2020-03-06T15:47:49+00:00\",\"dateModified\":\"2023-03-01T20:03:51+00:00\",\"description\":\"Descubra as pol\u00edticas de privacidade de nosso site e mantenha-se informado.\",\"breadcrumb\":{\"@id\":\"https:\/\/betting-review.net\/pt-br\/privacy-policies\/#breadcrumb\"},\"inLanguage\":\"pt-BR\",\"potentialAction\":[{\"@type\":\"ReadAction\",\"target\":[\"https:\/\/betting-review.net\/pt-br\/privacy-policies\/\"]}]},{\"@type\":\"BreadcrumbList\",\"@id\":\"https:\/\/betting-review.net\/pt-br\/privacy-policies\/#breadcrumb\",\"itemListElement\":[{\"@type\":\"ListItem\",\"position\":1,\"name\":\"\u0413\u043b\u0430\u0432\u043d\u0430\u044f \u0441\u0442\u0440\u0430\u043d\u0438\u0446\u0430\",\"item\":\"https:\/\/betting-review.net\/pt-br\/aposte-nos-melhores-sites-de-apostas\/\"},{\"@type\":\"ListItem\",\"position\":2,\"name\":\"Pol\u00edtica de Privacidade\"}]},{\"@type\":\"WebSite\",\"@id\":\"https:\/\/betting-review.net\/pt-br\/#website\",\"url\":\"https:\/\/betting-review.net\/pt-br\/\",\"name\":\"betting-review.net\",\"description\":\"\",\"publisher\":{\"@id\":\"https:\/\/betting-review.net\/pt-br\/#organization\"},\"potentialAction\":[{\"@type\":\"SearchAction\",\"target\":{\"@type\":\"EntryPoint\",\"urlTemplate\":\"https:\/\/betting-review.net\/pt-br\/?s={search_term_string}\"},\"query-input\":\"required name=search_term_string\"}],\"inLanguage\":\"pt-BR\"},{\"@type\":\"Organization\",\"@id\":\"https:\/\/betting-review.net\/pt-br\/#organization\",\"name\":\"All bookmakers.com\",\"url\":\"https:\/\/betting-review.net\/pt-br\/\",\"logo\":{\"@type\":\"ImageObject\",\"inLanguage\":\"pt-BR\",\"@id\":\"https:\/\/betting-review.net\/pt-br\/#\/schema\/logo\/image\/\",\"url\":\"https:\/\/betting-review.net\/wp-content\/uploads\/2020\/03\/all-bookmakerslogo.png\",\"contentUrl\":\"https:\/\/betting-review.net\/wp-content\/uploads\/2020\/03\/all-bookmakerslogo.png\",\"width\":367,\"height\":65,\"caption\":\"All bookmakers.com\"},\"image\":{\"@id\":\"https:\/\/betting-review.net\/pt-br\/#\/schema\/logo\/image\/\"}}]}<\/script>\n<!-- \/ Yoast SEO plugin. -->","yoast_head_json":{"title":"Pol\u00edticas de privacidade - Melhores sites de apostas 2023","description":"Descubra as pol\u00edticas de privacidade de nosso site e mantenha-se informado.","robots":{"index":"index","follow":"follow","max-snippet":"max-snippet:-1","max-image-preview":"max-image-preview:large","max-video-preview":"max-video-preview:-1"},"canonical":"https:\/\/betting-review.net\/pt-br\/privacy-policies\/","og_locale":"pt_BR","og_type":"article","og_title":"Pol\u00edticas de privacidade - Melhores sites de apostas 2023","og_description":"Descubra as pol\u00edticas de privacidade de nosso site e mantenha-se informado.","og_url":"https:\/\/betting-review.net\/pt-br\/privacy-policies\/","og_site_name":"betting-review.net","article_modified_time":"2023-03-01T20:03:51+00:00","twitter_card":"summary_large_image","twitter_misc":{"Est. reading time":"2 minutes"},"schema":{"@context":"https:\/\/schema.org","@graph":[{"@type":"WebPage","@id":"https:\/\/betting-review.net\/pt-br\/privacy-policies\/","url":"https:\/\/betting-review.net\/pt-br\/privacy-policies\/","name":"Pol\u00edticas de privacidade - Melhores sites de apostas 2023","isPartOf":{"@id":"https:\/\/betting-review.net\/pt-br\/#website"},"datePublished":"2020-03-06T15:47:49+00:00","dateModified":"2023-03-01T20:03:51+00:00","description":"Descubra as pol\u00edticas de privacidade de nosso site e mantenha-se informado.","breadcrumb":{"@id":"https:\/\/betting-review.net\/pt-br\/privacy-policies\/#breadcrumb"},"inLanguage":"pt-BR","potentialAction":[{"@type":"ReadAction","target":["https:\/\/betting-review.net\/pt-br\/privacy-policies\/"]}]},{"@type":"BreadcrumbList","@id":"https:\/\/betting-review.net\/pt-br\/privacy-policies\/#breadcrumb","itemListElement":[{"@type":"ListItem","position":1,"name":"\u0413\u043b\u0430\u0432\u043d\u0430\u044f \u0441\u0442\u0440\u0430\u043d\u0438\u0446\u0430","item":"https:\/\/betting-review.net\/pt-br\/aposte-nos-melhores-sites-de-apostas\/"},{"@type":"ListItem","position":2,"name":"Pol\u00edtica de Privacidade"}]},{"@type":"WebSite","@id":"https:\/\/betting-review.net\/pt-br\/#website","url":"https:\/\/betting-review.net\/pt-br\/","name":"betting-review.net","description":"","publisher":{"@id":"https:\/\/betting-review.net\/pt-br\/#organization"},"potentialAction":[{"@type":"SearchAction","target":{"@type":"EntryPoint","urlTemplate":"https:\/\/betting-review.net\/pt-br\/?s={search_term_string}"},"query-input":"required name=search_term_string"}],"inLanguage":"pt-BR"},{"@type":"Organization","@id":"https:\/\/betting-review.net\/pt-br\/#organization","name":"All bookmakers.com","url":"https:\/\/betting-review.net\/pt-br\/","logo":{"@type":"ImageObject","inLanguage":"pt-BR","@id":"https:\/\/betting-review.net\/pt-br\/#\/schema\/logo\/image\/","url":"https:\/\/betting-review.net\/wp-content\/uploads\/2020\/03\/all-bookmakerslogo.png","contentUrl":"https:\/\/betting-review.net\/wp-content\/uploads\/2020\/03\/all-bookmakerslogo.png","width":367,"height":65,"caption":"All bookmakers.com"},"image":{"@id":"https:\/\/betting-review.net\/pt-br\/#\/schema\/logo\/image\/"}}]}},"_links":{"self":[{"href":"https:\/\/betting-review.net\/pt-br\/wp-json\/wp\/v2\/pages\/1127"}],"collection":[{"href":"https:\/\/betting-review.net\/pt-br\/wp-json\/wp\/v2\/pages"}],"about":[{"href":"https:\/\/betting-review.net\/pt-br\/wp-json\/wp\/v2\/types\/page"}],"author":[{"embeddable":true,"href":"https:\/\/betting-review.net\/pt-br\/wp-json\/wp\/v2\/users\/2"}],"replies":[{"embeddable":true,"href":"https:\/\/betting-review.net\/pt-br\/wp-json\/wp\/v2\/comments?post=1127"}],"version-history":[{"count":3,"href":"https:\/\/betting-review.net\/pt-br\/wp-json\/wp\/v2\/pages\/1127\/revisions"}],"predecessor-version":[{"id":1134,"href":"https:\/\/betting-review.net\/pt-br\/wp-json\/wp\/v2\/pages\/1127\/revisions\/1134"}],"wp:attachment":[{"href":"https:\/\/betting-review.net\/pt-br\/wp-json\/wp\/v2\/media?parent=1127"}],"curies":[{"name":"wp","href":"https:\/\/api.w.org\/{rel}","templated":true}]}}