

{"id":1128,"date":"2020-03-06T18:48:21","date_gmt":"2020-03-06T15:48:21","guid":{"rendered":"https:\/\/betting-review.net\/terms-of-use\/"},"modified":"2023-03-01T23:02:08","modified_gmt":"2023-03-01T20:02:08","slug":"terms-of-use","status":"publish","type":"page","link":"https:\/\/betting-review.net\/pt-br\/terms-of-use\/","title":{"rendered":"Termos e Condi\u00e7\u00f5es"},"content":{"rendered":"<h2>Termos e Condi\u00e7\u00f5es<\/h2>\n<h3>Interpreta\u00e7\u00e3o e Defini\u00e7\u00f5es<\/h3>\n<h4>Interpreta\u00e7\u00e3o<\/h4>\n<p>As palavras das quais a letra inicial \u00e9 mai\u00fascula t\u00eam significados definidos sob as seguintes condi\u00e7\u00f5es.<\/p>\n<p>As seguintes defini\u00e7\u00f5es t\u00eam o mesmo significado, independentemente de aparecerem no singular ou no plural.<\/p>\n<h4>Defini\u00e7\u00f5es<\/h4>\n<p>Para os prop\u00f3sitos destes Termos e Condi\u00e7\u00f5es:<\/p>\n<ul>\n<li>Empresa (referida como &#8220;a Empresa&#8221;, &#8220;N\u00f3s&#8221;, &#8220;N\u00f3s&#8221; ou &#8220;Nosso&#8221; neste Acordo) refere-se a All-bookmakers.com.<\/li>\n<li>Service refere-se ao Website.<\/li>\n<li>Termos e Condi\u00e7\u00f5es (tamb\u00e9m referidos como &#8220;Termos&#8221;) significam estes Termos e Condi\u00e7\u00f5es que formam todo o acordo entre Voc\u00ea e a Empresa em rela\u00e7\u00e3o ao uso do Servi\u00e7o.<\/li>\n<li>Terceiro Servi\u00e7o significa quaisquer servi\u00e7os ou conte\u00fados (incluindo dados, informa\u00e7\u00f5es, produtos ou servi\u00e7os) fornecidos por terceiros que possam ser exibidos, inclu\u00eddos ou disponibilizados pelo Servi\u00e7o.<\/li>\n<li>Website refere-se a All-bookmakers.com, acess\u00edvel a partir de https:\/\/betting-review.net<\/li>\n<li>You significa o indiv\u00edduo que acessa ou usa o Servi\u00e7o, ou a empresa, ou outra entidade legal em nome da qual tal indiv\u00edduo est\u00e1 acessando ou usando o Servi\u00e7o, conforme o caso.<\/li>\n<\/ul>\n<h2>Conhecimento<\/h2>\n<p>Estes s\u00e3o os Termos e Condi\u00e7\u00f5es que regem o uso deste Servi\u00e7o e o acordo que opera entre Voc\u00ea e a Empresa. Estes Termos e Condi\u00e7\u00f5es estabelecem os direitos e obriga\u00e7\u00f5es de todos os usu\u00e1rios com rela\u00e7\u00e3o ao uso do Servi\u00e7o.<\/p>\n<p>Seu acesso e uso do Servi\u00e7o est\u00e1 condicionado \u00e0 sua aceita\u00e7\u00e3o e ao cumprimento destes Termos e Condi\u00e7\u00f5es. Estes Termos e Condi\u00e7\u00f5es se aplicam a todos os visitantes, usu\u00e1rios e outros que acessem ou utilizem o Servi\u00e7o.<\/p>\n<p>Ao acessar ou usar o Servi\u00e7o, voc\u00ea concorda em estar vinculado a estes Termos e Condi\u00e7\u00f5es. Se Voc\u00ea n\u00e3o concordar com qualquer parte destes Termos e Condi\u00e7\u00f5es, ent\u00e3o Voc\u00ea n\u00e3o poder\u00e1 acessar o Servi\u00e7o.<\/p>\n<p>Seu acesso e uso do Servi\u00e7o tamb\u00e9m est\u00e1 condicionado \u00e0 sua aceita\u00e7\u00e3o e conformidade com a Pol\u00edtica de Privacidade da Empresa. Nossa Pol\u00edtica de Privacidade descreve nossas pol\u00edticas e procedimentos sobre a coleta, uso e divulga\u00e7\u00e3o de suas informa\u00e7\u00f5es pessoais quando voc\u00ea utiliza a Aplica\u00e7\u00e3o ou o Website e lhe informa sobre seus direitos de privacidade e como a lei o protege. Por favor, leia atentamente Nossa Pol\u00edtica de Privacidade antes de usar nosso servi\u00e7o.<\/p>\n<h2>Links para Outros Websites<\/h2>\n<p>Nosso Servi\u00e7o pode conter links para sites ou servi\u00e7os de terceiros que n\u00e3o s\u00e3o de propriedade ou controlados pela Empresa.<\/p>\n<p>A Empresa n\u00e3o tem controle e n\u00e3o assume responsabilidade pelo conte\u00fado, pol\u00edticas de privacidade ou pr\u00e1ticas de quaisquer sites ou servi\u00e7os da Web de terceiros. Voc\u00ea reconhece e concorda ainda que a Empresa n\u00e3o ser\u00e1 respons\u00e1vel, direta ou indiretamente, por qualquer dano ou perda causada ou supostamente causada por ou em conex\u00e3o com o uso ou confian\u00e7a em qualquer conte\u00fado, bens ou servi\u00e7os dispon\u00edveis em ou atrav\u00e9s de tais sites ou servi\u00e7os.<\/p>\n<p>Aconselhamos fortemente que Voc\u00ea leia os termos e condi\u00e7\u00f5es e pol\u00edticas de privacidade de quaisquer sites ou servi\u00e7os de terceiros que Voc\u00ea visitar.<\/p>\n<h2>Lei Governante<\/h2>\n<p>&nbsp;<\/p>\n<p>As leis do Pa\u00eds, excluindo seus conflitos de leis, reger\u00e3o estes Termos e Seu uso do Servi\u00e7o. Seu uso da Aplica\u00e7\u00e3o tamb\u00e9m poder\u00e1 estar sujeito a outras leis locais, estaduais, nacionais ou internacionais.<\/p>\n<h2>Resolu\u00e7\u00e3o de conflitos<\/h2>\n<p>Se Voc\u00ea tiver qualquer preocupa\u00e7\u00e3o ou disputa sobre o Servi\u00e7o, Voc\u00ea concorda em primeiro lugar tentar resolver a disputa informalmente entrando em contato com a Empresa.<\/p>\n<h2>Altera\u00e7\u00f5es a estes Termos e Condi\u00e7\u00f5es<\/h2>\n<p>Reservamo-nos o direito, a nosso exclusivo crit\u00e9rio, de modificar ou substituir estes Termos a qualquer momento. Se uma revis\u00e3o for um material, faremos esfor\u00e7os razo\u00e1veis para fornecer pelo menos 30 dias de aviso pr\u00e9vio antes da entrada em vigor de quaisquer novos termos. O que constitui uma mudan\u00e7a material ser\u00e1 determinado a Nosso exclusivo crit\u00e9rio.<\/p>\n<p>Ao continuar a acessar ou usar Nosso Servi\u00e7o ap\u00f3s essas revis\u00f5es entrarem em vigor, Voc\u00ea concorda em ficar vinculado aos termos revisados. Se Voc\u00ea n\u00e3o concordar com os novos termos, no todo ou em parte, favor parar de usar o website e o Servi\u00e7o.<\/p>\n<h2>Contate-nos<\/h2>\n<p>Se voc\u00ea tiver alguma d\u00favida sobre estes Termos e Condi\u00e7\u00f5es, voc\u00ea pode entrar em contato conosco:<\/p>\n<ul>\n<li>Visitando esta p\u00e1gina em nosso site: <a href=\"https:\/\/betting-review.net\/pt-br\/contact-us\/\">https:\/\/betting-review.net\/pt-br\/contact-us\/<\/a>.<\/li>\n<\/ul>\n","protected":false},"excerpt":{"rendered":"<p>Termos e Condi\u00e7\u00f5es Interpreta\u00e7\u00e3o e Defini\u00e7\u00f5es Interpreta\u00e7\u00e3o As palavras das quais a letra inicial \u00e9 mai\u00fascula t\u00eam significados definidos sob as seguintes condi\u00e7\u00f5es. As seguintes defini\u00e7\u00f5es t\u00eam o mesmo significado, independentemente de aparecerem no<\/p>\n","protected":false},"author":2,"featured_media":0,"parent":0,"menu_order":0,"comment_status":"closed","ping_status":"closed","template":"simplepage.php","meta":{"_yoast_wpseo_title":"Termos de uso - Best Betting Sites 2023","_yoast_wpseo_metadesc":"Descubra as regras e regulamentos associados \u00e0 utiliza\u00e7\u00e3o de nosso website.","_aioseop_title":"","_aioseop_description":""},"acf":[],"yoast_head":"<!-- This site is optimized with the Yoast SEO plugin v20.1 - https:\/\/yoast.com\/wordpress\/plugins\/seo\/ -->\n<title>Termos de uso - Best Betting Sites 2023<\/title>\n<meta name=\"description\" content=\"Descubra as regras e regulamentos associados \u00e0 utiliza\u00e7\u00e3o de nosso website.\" \/>\n<meta name=\"robots\" content=\"index, follow, max-snippet:-1, max-image-preview:large, max-video-preview:-1\" \/>\n<link rel=\"canonical\" href=\"https:\/\/betting-review.net\/pt-br\/terms-of-use\/\" \/>\n<meta property=\"og:locale\" content=\"pt_BR\" \/>\n<meta property=\"og:type\" content=\"article\" \/>\n<meta property=\"og:title\" content=\"Termos de uso - Best Betting Sites 2023\" \/>\n<meta property=\"og:description\" content=\"Descubra as regras e regulamentos associados \u00e0 utiliza\u00e7\u00e3o de nosso website.\" \/>\n<meta property=\"og:url\" content=\"https:\/\/betting-review.net\/pt-br\/terms-of-use\/\" \/>\n<meta property=\"og:site_name\" content=\"betting-review.net\" \/>\n<meta property=\"article:modified_time\" content=\"2023-03-01T20:02:08+00:00\" \/>\n<meta name=\"twitter:card\" content=\"summary_large_image\" \/>\n<meta name=\"twitter:label1\" content=\"Est. reading time\" \/>\n\t<meta name=\"twitter:data1\" content=\"3 minutes\" \/>\n<script type=\"application\/ld+json\" class=\"yoast-schema-graph\">{\"@context\":\"https:\/\/schema.org\",\"@graph\":[{\"@type\":\"WebPage\",\"@id\":\"https:\/\/betting-review.net\/pt-br\/terms-of-use\/\",\"url\":\"https:\/\/betting-review.net\/pt-br\/terms-of-use\/\",\"name\":\"Termos de uso - Best Betting Sites 2023\",\"isPartOf\":{\"@id\":\"https:\/\/betting-review.net\/pt-br\/#website\"},\"datePublished\":\"2020-03-06T15:48:21+00:00\",\"dateModified\":\"2023-03-01T20:02:08+00:00\",\"description\":\"Descubra as regras e regulamentos associados \u00e0 utiliza\u00e7\u00e3o de nosso website.\",\"breadcrumb\":{\"@id\":\"https:\/\/betting-review.net\/pt-br\/terms-of-use\/#breadcrumb\"},\"inLanguage\":\"pt-BR\",\"potentialAction\":[{\"@type\":\"ReadAction\",\"target\":[\"https:\/\/betting-review.net\/pt-br\/terms-of-use\/\"]}]},{\"@type\":\"BreadcrumbList\",\"@id\":\"https:\/\/betting-review.net\/pt-br\/terms-of-use\/#breadcrumb\",\"itemListElement\":[{\"@type\":\"ListItem\",\"position\":1,\"name\":\"\u0413\u043b\u0430\u0432\u043d\u0430\u044f \u0441\u0442\u0440\u0430\u043d\u0438\u0446\u0430\",\"item\":\"https:\/\/betting-review.net\/pt-br\/aposte-nos-melhores-sites-de-apostas\/\"},{\"@type\":\"ListItem\",\"position\":2,\"name\":\"Termos e Condi\u00e7\u00f5es\"}]},{\"@type\":\"WebSite\",\"@id\":\"https:\/\/betting-review.net\/pt-br\/#website\",\"url\":\"https:\/\/betting-review.net\/pt-br\/\",\"name\":\"betting-review.net\",\"description\":\"\",\"publisher\":{\"@id\":\"https:\/\/betting-review.net\/pt-br\/#organization\"},\"potentialAction\":[{\"@type\":\"SearchAction\",\"target\":{\"@type\":\"EntryPoint\",\"urlTemplate\":\"https:\/\/betting-review.net\/pt-br\/?s={search_term_string}\"},\"query-input\":\"required name=search_term_string\"}],\"inLanguage\":\"pt-BR\"},{\"@type\":\"Organization\",\"@id\":\"https:\/\/betting-review.net\/pt-br\/#organization\",\"name\":\"All bookmakers.com\",\"url\":\"https:\/\/betting-review.net\/pt-br\/\",\"logo\":{\"@type\":\"ImageObject\",\"inLanguage\":\"pt-BR\",\"@id\":\"https:\/\/betting-review.net\/pt-br\/#\/schema\/logo\/image\/\",\"url\":\"https:\/\/betting-review.net\/wp-content\/uploads\/2020\/03\/all-bookmakerslogo.png\",\"contentUrl\":\"https:\/\/betting-review.net\/wp-content\/uploads\/2020\/03\/all-bookmakerslogo.png\",\"width\":367,\"height\":65,\"caption\":\"All bookmakers.com\"},\"image\":{\"@id\":\"https:\/\/betting-review.net\/pt-br\/#\/schema\/logo\/image\/\"}}]}<\/script>\n<!-- \/ Yoast SEO plugin. -->","yoast_head_json":{"title":"Termos de uso - Best Betting Sites 2023","description":"Descubra as regras e regulamentos associados \u00e0 utiliza\u00e7\u00e3o de nosso website.","robots":{"index":"index","follow":"follow","max-snippet":"max-snippet:-1","max-image-preview":"max-image-preview:large","max-video-preview":"max-video-preview:-1"},"canonical":"https:\/\/betting-review.net\/pt-br\/terms-of-use\/","og_locale":"pt_BR","og_type":"article","og_title":"Termos de uso - Best Betting Sites 2023","og_description":"Descubra as regras e regulamentos associados \u00e0 utiliza\u00e7\u00e3o de nosso website.","og_url":"https:\/\/betting-review.net\/pt-br\/terms-of-use\/","og_site_name":"betting-review.net","article_modified_time":"2023-03-01T20:02:08+00:00","twitter_card":"summary_large_image","twitter_misc":{"Est. reading time":"3 minutes"},"schema":{"@context":"https:\/\/schema.org","@graph":[{"@type":"WebPage","@id":"https:\/\/betting-review.net\/pt-br\/terms-of-use\/","url":"https:\/\/betting-review.net\/pt-br\/terms-of-use\/","name":"Termos de uso - Best Betting Sites 2023","isPartOf":{"@id":"https:\/\/betting-review.net\/pt-br\/#website"},"datePublished":"2020-03-06T15:48:21+00:00","dateModified":"2023-03-01T20:02:08+00:00","description":"Descubra as regras e regulamentos associados \u00e0 utiliza\u00e7\u00e3o de nosso website.","breadcrumb":{"@id":"https:\/\/betting-review.net\/pt-br\/terms-of-use\/#breadcrumb"},"inLanguage":"pt-BR","potentialAction":[{"@type":"ReadAction","target":["https:\/\/betting-review.net\/pt-br\/terms-of-use\/"]}]},{"@type":"BreadcrumbList","@id":"https:\/\/betting-review.net\/pt-br\/terms-of-use\/#breadcrumb","itemListElement":[{"@type":"ListItem","position":1,"name":"\u0413\u043b\u0430\u0432\u043d\u0430\u044f \u0441\u0442\u0440\u0430\u043d\u0438\u0446\u0430","item":"https:\/\/betting-review.net\/pt-br\/aposte-nos-melhores-sites-de-apostas\/"},{"@type":"ListItem","position":2,"name":"Termos e Condi\u00e7\u00f5es"}]},{"@type":"WebSite","@id":"https:\/\/betting-review.net\/pt-br\/#website","url":"https:\/\/betting-review.net\/pt-br\/","name":"betting-review.net","description":"","publisher":{"@id":"https:\/\/betting-review.net\/pt-br\/#organization"},"potentialAction":[{"@type":"SearchAction","target":{"@type":"EntryPoint","urlTemplate":"https:\/\/betting-review.net\/pt-br\/?s={search_term_string}"},"query-input":"required name=search_term_string"}],"inLanguage":"pt-BR"},{"@type":"Organization","@id":"https:\/\/betting-review.net\/pt-br\/#organization","name":"All bookmakers.com","url":"https:\/\/betting-review.net\/pt-br\/","logo":{"@type":"ImageObject","inLanguage":"pt-BR","@id":"https:\/\/betting-review.net\/pt-br\/#\/schema\/logo\/image\/","url":"https:\/\/betting-review.net\/wp-content\/uploads\/2020\/03\/all-bookmakerslogo.png","contentUrl":"https:\/\/betting-review.net\/wp-content\/uploads\/2020\/03\/all-bookmakerslogo.png","width":367,"height":65,"caption":"All bookmakers.com"},"image":{"@id":"https:\/\/betting-review.net\/pt-br\/#\/schema\/logo\/image\/"}}]}},"_links":{"self":[{"href":"https:\/\/betting-review.net\/pt-br\/wp-json\/wp\/v2\/pages\/1128"}],"collection":[{"href":"https:\/\/betting-review.net\/pt-br\/wp-json\/wp\/v2\/pages"}],"about":[{"href":"https:\/\/betting-review.net\/pt-br\/wp-json\/wp\/v2\/types\/page"}],"author":[{"embeddable":true,"href":"https:\/\/betting-review.net\/pt-br\/wp-json\/wp\/v2\/users\/2"}],"replies":[{"embeddable":true,"href":"https:\/\/betting-review.net\/pt-br\/wp-json\/wp\/v2\/comments?post=1128"}],"version-history":[{"count":3,"href":"https:\/\/betting-review.net\/pt-br\/wp-json\/wp\/v2\/pages\/1128\/revisions"}],"predecessor-version":[{"id":1131,"href":"https:\/\/betting-review.net\/pt-br\/wp-json\/wp\/v2\/pages\/1128\/revisions\/1131"}],"wp:attachment":[{"href":"https:\/\/betting-review.net\/pt-br\/wp-json\/wp\/v2\/media?parent=1128"}],"curies":[{"name":"wp","href":"https:\/\/api.w.org\/{rel}","templated":true}]}}